{"id":16,"date":"2022-08-22T15:51:29","date_gmt":"2022-08-22T13:51:29","guid":{"rendered":"http:\/\/localhost:10143\/?page_id=16"},"modified":"2024-06-10T20:49:46","modified_gmt":"2024-06-10T18:49:46","slug":"politicas","status":"publish","type":"page","link":"https:\/\/brightinternationalinvestments.com\/en\/politicas\/","title":{"rendered":"Privacy Policy"},"content":{"rendered":"<div data-elementor-type=\"wp-page\" data-elementor-id=\"16\" class=\"elementor elementor-16\">\n\t\t\t\t\t\t<section class=\"elementor-section elementor-top-section elementor-element elementor-element-0939ca7 elementor-section-boxed elementor-section-height-default elementor-section-height-default\" data-id=\"0939ca7\" data-element_type=\"section\" data-e-type=\"section\" data-settings=\"{&quot;jet_parallax_layout_list&quot;:[]}\">\n\t\t\t\t\t\t<div class=\"elementor-container elementor-column-gap-default\">\n\t\t\t\t\t<div class=\"elementor-column elementor-col-100 elementor-top-column elementor-element elementor-element-8241823\" data-id=\"8241823\" data-element_type=\"column\" data-e-type=\"column\">\n\t\t\t<div class=\"elementor-widget-wrap elementor-element-populated\">\n\t\t\t\t\t\t<div class=\"elementor-element elementor-element-f102ac1 elementor-widget elementor-widget-text-editor\" data-id=\"f102ac1\" data-element_type=\"widget\" data-e-type=\"widget\" data-widget_type=\"text-editor.default\">\n\t\t\t\t<div class=\"elementor-widget-container\">\n\t\t\t\t\t\t\t\t\t<h2><strong>PRIVACY POLICY<\/strong><\/h2><p>This Privacy Policy sets forth the terms on which Bright International Investments<strong>\u00a0<\/strong>This Privacy Policy sets forth the terms on which Bright International Investments<\/p><p><strong>Information that is collected<\/strong><\/p><p>Our website may collect personal information such as:<\/p><p>Nombre, direcci\u00f3n de correo electr\u00f3nico y n\u00famero telef\u00f3nico.<\/p><p><strong>Use of information collected<\/strong><\/p><p>Our website uses the information in order to provide the best possible service, particularly to keep track of users, to keep track of orders if applicable, and to improve our products and services. \u00a0We may periodically send e-mails through our site with special offers, new products and other marketing information that we think may be relevant to you or may be of benefit to you, these e-mails will be sent to the address you provide and may be unsubscribed from at any time.<\/p><p><strong>Bright International Investments <\/strong>is highly committed to fulfilling our commitment to keeping your information secure. We use the most advanced systems and constantly update them to ensure that there is no unauthorized access.<\/p><p><strong>Cookies<\/strong><\/p><p>A cookie refers to a file that is sent with the purpose of requesting permission to be stored on your computer, by accepting this file is created and the cookie is then used to have information regarding web traffic, and also facilitates future recurring. Another function that cookies have is that with them the web can recognize you individually and therefore provide you with the best personalized service on its website.<\/p><p><strong>Bright International Investments <\/strong>uses cookies to be able to identify which pages are visited and their frequency. This information is used only for statistical analysis and then the information is permanently deleted. You can delete cookies at any time from your computer. However, cookies help to provide a better service from websites, they do not give access to information about your computer or you, unless you choose to provide it directly. You can accept or deny the use of cookies, however most browsers automatically accept cookies as it serves to have a better web service. You can also change the settings on your computer to decline cookies. If you decline cookies you may not be able to use some of our services.<\/p><p><strong>Links to Third Parties<\/strong><\/p><p>This website may contain links to other sites that may be of interest to you. Once you click on these links and leave our site, we no longer have control over the site to which you are redirected and, therefore, we are not responsible for the terms or privacy or data protection of those other third party sites. Those sites are subject to their own privacy policies and we recommend that you check with them to confirm that you agree with them.<\/p><p><strong>Control of your personal information<\/strong><\/p><p>At any time you may restrict the collection or use of personal information that is provided to our website.\u00a0 Whenever you are asked to fill out a form, such as a registration form, you can check or uncheck the option to receive information by e-mail. \u00a0In case you have checked the option to receive our newsletter or advertising you can cancel it at any time.<\/p><p>Esta compa\u00f1\u00eda no vender\u00e1, ceder\u00e1 ni distribuir\u00e1 la informaci\u00f3n personal que es recopilada sin su consentimiento, salvo que sea requerido por un juez con un orden judicial.<\/p><p><strong>Bright International Investments <\/strong>reserves the right to change the terms of this Privacy Policy at any time and recommends reading the cancellation policy for purposes of contracting services.<\/p>\t\t\t\t\t\t\t\t<\/div>\n\t\t\t\t<\/div>\n\t\t\t\t\t<\/div>\n\t\t<\/div>\n\t\t\t\t\t<\/div>\n\t\t<\/section>\n\t\t\t\t<\/div>","protected":false},"excerpt":{"rendered":"<p>POL\u00cdTICA DE PRIVACIDAD Esta Pol\u00edtica de Privacidad establece los t\u00e9rminos en que Bright International Investments\u00a0usa y protege la informaci\u00f3n que es proporcionada por sus usuarios al momento de utilizar su sitio web. Esta compa\u00f1\u00eda est\u00e1 comprometida con la seguridad de los datos de sus usuarios. Cuando le pedimos llenar los campos de informaci\u00f3n personal con [&hellip;]<\/p>\n","protected":false},"author":3,"featured_media":0,"parent":0,"menu_order":8,"comment_status":"closed","ping_status":"closed","template":"","meta":{"footnotes":""},"class_list":["post-16","page","type-page","status-publish","hentry"],"_links":{"self":[{"href":"https:\/\/brightinternationalinvestments.com\/en\/wp-json\/wp\/v2\/pages\/16","targetHints":{"allow":["GET"]}}],"collection":[{"href":"https:\/\/brightinternationalinvestments.com\/en\/wp-json\/wp\/v2\/pages"}],"about":[{"href":"https:\/\/brightinternationalinvestments.com\/en\/wp-json\/wp\/v2\/types\/page"}],"author":[{"embeddable":true,"href":"https:\/\/brightinternationalinvestments.com\/en\/wp-json\/wp\/v2\/users\/3"}],"replies":[{"embeddable":true,"href":"https:\/\/brightinternationalinvestments.com\/en\/wp-json\/wp\/v2\/comments?post=16"}],"version-history":[{"count":0,"href":"https:\/\/brightinternationalinvestments.com\/en\/wp-json\/wp\/v2\/pages\/16\/revisions"}],"wp:attachment":[{"href":"https:\/\/brightinternationalinvestments.com\/en\/wp-json\/wp\/v2\/media?parent=16"}],"curies":[{"name":"wp","href":"https:\/\/api.w.org\/{rel}","templated":true}]}}