{"id":19,"date":"2022-08-22T15:52:13","date_gmt":"2022-08-22T13:52:13","guid":{"rendered":"http:\/\/localhost:10143\/?page_id=19"},"modified":"2022-08-24T10:03:34","modified_gmt":"2022-08-24T08:03:34","slug":"reservaciones","status":"publish","type":"page","link":"https:\/\/brightinternationalinvestments.com\/en\/reservaciones\/","title":{"rendered":"Asesor\u00edas"},"content":{"rendered":"\t\t<div data-elementor-type=\"wp-page\" data-elementor-id=\"19\" class=\"elementor elementor-19\">\n\t\t\t\t\t\t<section class=\"elementor-section elementor-top-section elementor-element elementor-element-30064e0 elementor-section-boxed elementor-section-height-default elementor-section-height-default\" data-id=\"30064e0\" data-element_type=\"section\" data-e-type=\"section\" data-settings=\"{&quot;background_background&quot;:&quot;classic&quot;,&quot;jet_parallax_layout_list&quot;:[]}\">\n\t\t\t\t\t\t\t<div class=\"elementor-background-overlay\"><\/div>\n\t\t\t\t\t\t\t<div class=\"elementor-container elementor-column-gap-default\">\n\t\t\t\t\t<div class=\"elementor-column elementor-col-100 elementor-top-column elementor-element elementor-element-8a6f7d4\" data-id=\"8a6f7d4\" data-element_type=\"column\" data-e-type=\"column\">\n\t\t\t<div class=\"elementor-widget-wrap elementor-element-populated\">\n\t\t\t\t\t\t<section class=\"elementor-section elementor-inner-section elementor-element elementor-element-df51313 elementor-section-height-min-height elementor-section-boxed elementor-section-height-default elementor-invisible\" data-id=\"df51313\" data-element_type=\"section\" data-e-type=\"section\" data-settings=\"{&quot;animation&quot;:&quot;fadeInUp&quot;,&quot;animation_delay&quot;:300,&quot;jet_parallax_layout_list&quot;:[]}\">\n\t\t\t\t\t\t<div class=\"elementor-container elementor-column-gap-default\">\n\t\t\t\t\t<div class=\"elementor-column elementor-col-50 elementor-inner-column elementor-element elementor-element-95626be\" data-id=\"95626be\" data-element_type=\"column\" data-e-type=\"column\">\n\t\t\t<div class=\"elementor-widget-wrap elementor-element-populated\">\n\t\t\t\t\t\t<div class=\"elementor-element elementor-element-7b80fa6 elementor-invisible elementor-widget elementor-widget-heading\" data-id=\"7b80fa6\" data-element_type=\"widget\" data-e-type=\"widget\" data-settings=\"{&quot;_animation&quot;:&quot;fadeInUp&quot;,&quot;_animation_delay&quot;:100}\" data-widget_type=\"heading.default\">\n\t\t\t\t<div class=\"elementor-widget-container\">\n\t\t\t\t\t<h2 class=\"elementor-heading-title elementor-size-default\">Servicio de Asesor\u00eda<\/h2>\t\t\t\t<\/div>\n\t\t\t\t<\/div>\n\t\t\t\t<div class=\"elementor-element elementor-element-dafb682 elementor-widget elementor-widget-image\" data-id=\"dafb682\" data-element_type=\"widget\" data-e-type=\"widget\" data-widget_type=\"image.default\">\n\t\t\t\t<div class=\"elementor-widget-container\">\n\t\t\t\t\t\t\t\t\t\t\t\t\t\t\t<img fetchpriority=\"high\" decoding=\"async\" width=\"2560\" height=\"1208\" src=\"https:\/\/brightinternationalinvestments.com\/wp-content\/uploads\/2022\/08\/wance-paleri-U35nb07DCM-unsplash-scaled.jpeg\" class=\"attachment-full size-full wp-image-557\" alt=\"\" srcset=\"https:\/\/brightinternationalinvestments.com\/wp-content\/uploads\/2022\/08\/wance-paleri-U35nb07DCM-unsplash-scaled.jpeg 2560w, https:\/\/brightinternationalinvestments.com\/wp-content\/uploads\/2022\/08\/wance-paleri-U35nb07DCM-unsplash-300x142.jpeg 300w, https:\/\/brightinternationalinvestments.com\/wp-content\/uploads\/2022\/08\/wance-paleri-U35nb07DCM-unsplash-1024x483.jpeg 1024w, https:\/\/brightinternationalinvestments.com\/wp-content\/uploads\/2022\/08\/wance-paleri-U35nb07DCM-unsplash-768x362.jpeg 768w, https:\/\/brightinternationalinvestments.com\/wp-content\/uploads\/2022\/08\/wance-paleri-U35nb07DCM-unsplash-1536x725.jpeg 1536w, https:\/\/brightinternationalinvestments.com\/wp-content\/uploads\/2022\/08\/wance-paleri-U35nb07DCM-unsplash-2048x966.jpeg 2048w\" sizes=\"(max-width: 2560px) 100vw, 2560px\" \/>\t\t\t\t\t\t\t\t\t\t\t\t\t\t\t<\/div>\n\t\t\t\t<\/div>\n\t\t\t\t<div class=\"elementor-element elementor-element-1362168 elementor-invisible elementor-widget elementor-widget-text-editor\" data-id=\"1362168\" data-element_type=\"widget\" data-e-type=\"widget\" data-settings=\"{&quot;_animation&quot;:&quot;fadeInUp&quot;,&quot;_animation_delay&quot;:200}\" data-widget_type=\"text-editor.default\">\n\t\t\t\t<div class=\"elementor-widget-container\">\n\t\t\t\t\t\t\t\t\t<p>El objetivo de la asesor\u00eda y el manejo de carteras de portafolios de inversi\u00f3n es que puedas comenzar tus inversiones teniendo la certeza de que tu dinero est\u00e1 siendo manejado de la manera correcta.<\/p>\t\t\t\t\t\t\t\t<\/div>\n\t\t\t\t<\/div>\n\t\t\t\t\t<\/div>\n\t\t<\/div>\n\t\t\t\t<div class=\"elementor-column elementor-col-50 elementor-inner-column elementor-element elementor-element-e24fa7b\" data-id=\"e24fa7b\" data-element_type=\"column\" data-e-type=\"column\">\n\t\t\t<div class=\"elementor-widget-wrap elementor-element-populated\">\n\t\t\t\t\t\t<div class=\"elementor-element elementor-element-c73a6cb elementor-widget elementor-widget-jet-engine-booking-form\" data-id=\"c73a6cb\" data-element_type=\"widget\" data-e-type=\"widget\" data-widget_type=\"jet-engine-booking-form.default\">\n\t\t\t\t<div class=\"elementor-widget-container\">\n\t\t\t\t\t<form  class=\"jet-form layout-column submit-type-ajax\" action=\"\/en\/wp-json\/wp\/v2\/pages\/19?jet_engine_action=book&#038;nocache=1775619423\" method=\"POST\" data-form-id=\"541\"><input class=\"jet-form__field hidden-field\" type=\"hidden\" name=\"_jet_engine_booking_form_id\" value=\"541\" data-field-name=\"_jet_engine_booking_form_id\"><input class=\"jet-form__field hidden-field\" type=\"hidden\" name=\"_jet_engine_refer\" value=\"https:\/\/brightinternationalinvestments.com\/en\/wp-json\/wp\/v2\/pages\/19\" data-field-name=\"_jet_engine_refer\"><div class=\"jet-form-page \" data-page=\"1\"><div  class=\"jet-form-row jet-form-row--hidden\"><div class=\"jet-form-col jet-form-col-12  field-type-hidden  jet-form-field-container\" data-field=\"service_id\" data-conditional=\"false\"><input class=\"jet-form__field hidden-field\" type=\"hidden\" name=\"service_id\" value=\"19\" data-field-name=\"service_id\"><\/div><\/div><div  class=\"jet-form-row jet-form-row--first-visible\"><div class=\"jet-form-col jet-form-col-12  field-type-appointment_date  jet-form-field-container\" data-field=\"appointment_date\" data-conditional=\"false\"><div class=\"jet-apb-calendar-wrapper\">\n\t<div class=\"appointment-calendar jet-apb-calendar\" data-args=\"{&quot;booking_type&quot;:&quot;slot&quot;,&quot;excludedDates&quot;:[{&quot;start&quot;:1665532800,&quot;end&quot;:1665619200},{&quot;start&quot;:1667260800,&quot;end&quot;:1667260800},{&quot;start&quot;:1670284800,&quot;end&quot;:1670284800},{&quot;start&quot;:1670457600,&quot;end&quot;:1670457600},{&quot;start&quot;:1671926400,&quot;end&quot;:1671926400},{&quot;start&quot;:1672444800,&quot;end&quot;:1672531200}],&quot;datesMode&quot;:&quot;override_full&quot;,&quot;worksDates&quot;:[],&quot;datesRange&quot;:{&quot;start&quot;:0,&quot;end&quot;:0},&quot;availableWeekDays&quot;:[&quot;monday&quot;,&quot;tuesday&quot;,&quot;wednesday&quot;,&quot;thursday&quot;,&quot;friday&quot;],&quot;service&quot;:{&quot;field&quot;:&quot;service_id&quot;},&quot;providerIsset&quot;:false,&quot;provider&quot;:false,&quot;inputName&quot;:&quot;appointment_date&quot;,&quot;isRequired&quot;:true,&quot;allowedServices&quot;:false}\"><\/div>\n\n\t\t<div class=\"jet-apb-calendar-appointments-list-wrapper\" style=\"display: none\">\n\t\t<div class=\"jet-form__heading\">\n\t\t\t<span class=\"jet-form__label-text\">Appointment details:<\/span>\n\t\t<\/div>\n\t\t<div class=\"jet-apb-calendar-appointments-list\"><\/div>\n\t<\/div>\n\t<div class=\"jet-apb-calendar-notification\" style=\"display: none\">\n\t\t<div class=\"jet-apb-calendar-notification-service\">Please, select the service first.<\/div>\n\t\t<div class=\"jet-apb-calendar-notification-provider\">Please, select the provider first.<\/div>\n\t\t<div class=\"jet-apb-calendar-notification-service-field\">Please set service field for current calendar<\/div>\n\t\t<div class=\"jet-apb-calendar-notification-max-slots\">Sorry. You have the max number of appointments.<\/div>\n\t<\/div>\n<\/div>\n<\/div><\/div><div  class=\"jet-form-row jet-form-row--page-break\"><div class=\"jet-form-col jet-form-col-8  field-type-page_break  jet-form-field-container\" data-field=\"page_break\" data-conditional=\"false\"><div class=\"jet-form__next-page-wrap\">\n\t\t\t\t<button class=\"jet-form__next-page\" type=\"button\">Continuar<\/button>\n\t<\/div>\n<\/div><\/div><\/div><div class=\"jet-form-page jet-form-page--hidden\" data-page=\"2\"><div  class=\"jet-form-row\"><div class=\"jet-form-col jet-form-col-5  field-type-text  jet-form-field-container\" data-field=\"name\" data-conditional=\"false\"><input class=\"jet-form__field text-field \" placeholder=\"Su Nombre:\" value=\"\" required=\"required\" name=\"name\" id=\"name\" type=\"text\" data-field-name=\"name\"><\/div><div class=\"jet-form-col jet-form-col-7  field-type-text  jet-form-field-container\" data-field=\"tel\" data-conditional=\"false\"><input class=\"jet-form__field text-field jet-form__masked-field\" placeholder=\"Su Tel\u00e9fono:\" value=\"\" required=\"required\" name=\"tel\" id=\"tel\" type=\"tel\" data-field-name=\"tel\" data-inputmask=\"'mask': '(999) 999-9999'\" data-inputmask-placeholder=\"*\" data-inputmask-showmaskonhover=\"true\" data-inputmask-showmaskonfocus=\"true\"><\/div><\/div><div  class=\"jet-form-row\"><div class=\"jet-form-col jet-form-col-12  field-type-text  jet-form-field-container\" data-field=\"email\" data-conditional=\"false\"><input class=\"jet-form__field text-field \" placeholder=\"Su Email:\" value=\"\" required=\"required\" name=\"email\" id=\"email\" type=\"email\" data-field-name=\"email\"><\/div><\/div><div  class=\"jet-form-row\"><div class=\"jet-form-col jet-form-col-12  field-type-textarea  jet-form-field-container\" data-field=\"comment\" data-conditional=\"false\"><textarea class=\"jet-form__field textarea-field\" placeholder=\"Nota:\" name=\"comment\" data-field-name=\"comment\" id=\"comment\"><\/textarea><\/div><\/div><div  class=\"jet-form-row jet-form-row--submit\"><div class=\"jet-form-col jet-form-col-12  field-type-submit  jet-form-field-container\" data-field=\"Submit\" data-conditional=\"false\"><div class=\"jet-form__submit-wrap has-prev\">\n\t<button type=\"button\" class=\"jet-form__prev-page\" data-to-page=\"1\">Volver<\/button>\t<button class=\"jet-form__submit submit-type-ajax\" type=\"button\">Reservar<\/button>\n<\/div><\/div><\/div><\/div><input class=\"jet-form__field hidden-field\" type=\"hidden\" name=\"_jet_engine_nonce\" value=\"444effca3b\" data-field-name=\"_jet_engine_nonce\"><\/form><div class=\"jet-form-messages-wrap\" data-form-id=\"541\"><\/div>\t\t\t\t<\/div>\n\t\t\t\t<\/div>\n\t\t\t\t\t<\/div>\n\t\t<\/div>\n\t\t\t\t\t<\/div>\n\t\t<\/section>\n\t\t\t\t\t<\/div>\n\t\t<\/div>\n\t\t\t\t\t<\/div>\n\t\t<\/section>\n\t\t\t\t<\/div>\n\t\t","protected":false},"excerpt":{"rendered":"<p>Servicio de Asesor\u00eda El objetivo de la asesor\u00eda y el manejo de carteras de portafolios de inversi\u00f3n es que puedas comenzar tus inversiones teniendo la certeza de que tu dinero est\u00e1 siendo manejado de la manera correcta. Appointment details: Please, select the service first. Please, select the provider first. Please set service field for current [&hellip;]<\/p>\n","protected":false},"author":3,"featured_media":0,"parent":0,"menu_order":6,"comment_status":"closed","ping_status":"closed","template":"","meta":{"footnotes":""},"class_list":["post-19","page","type-page","status-publish","hentry"],"_links":{"self":[{"href":"https:\/\/brightinternationalinvestments.com\/en\/wp-json\/wp\/v2\/pages\/19","targetHints":{"allow":["GET"]}}],"collection":[{"href":"https:\/\/brightinternationalinvestments.com\/en\/wp-json\/wp\/v2\/pages"}],"about":[{"href":"https:\/\/brightinternationalinvestments.com\/en\/wp-json\/wp\/v2\/types\/page"}],"author":[{"embeddable":true,"href":"https:\/\/brightinternationalinvestments.com\/en\/wp-json\/wp\/v2\/users\/3"}],"replies":[{"embeddable":true,"href":"https:\/\/brightinternationalinvestments.com\/en\/wp-json\/wp\/v2\/comments?post=19"}],"version-history":[{"count":0,"href":"https:\/\/brightinternationalinvestments.com\/en\/wp-json\/wp\/v2\/pages\/19\/revisions"}],"wp:attachment":[{"href":"https:\/\/brightinternationalinvestments.com\/en\/wp-json\/wp\/v2\/media?parent=19"}],"curies":[{"name":"wp","href":"https:\/\/api.w.org\/{rel}","templated":true}]}}