{"id":789,"date":"2022-12-06T04:49:31","date_gmt":"2022-12-06T03:49:31","guid":{"rendered":"https:\/\/brightinternationalinvestments.com\/?page_id=789"},"modified":"2022-12-06T21:22:32","modified_gmt":"2022-12-06T20:22:32","slug":"acceso-denegado","status":"publish","type":"page","link":"https:\/\/brightinternationalinvestments.com\/en\/acceso-denegado\/","title":{"rendered":"Restricted Access"},"content":{"rendered":"<div data-elementor-type=\"wp-page\" data-elementor-id=\"789\" class=\"elementor elementor-789\">\n\t\t\t\t\t\t<section class=\"elementor-section elementor-top-section elementor-element elementor-element-e6fc86a elementor-section-boxed elementor-section-height-default elementor-section-height-default\" data-id=\"e6fc86a\" data-element_type=\"section\" data-e-type=\"section\" data-settings=\"{&quot;jet_parallax_layout_list&quot;:[]}\">\n\t\t\t\t\t\t<div class=\"elementor-container elementor-column-gap-default\">\n\t\t\t\t\t<div class=\"elementor-column elementor-col-100 elementor-top-column elementor-element elementor-element-7c5f7f1\" data-id=\"7c5f7f1\" data-element_type=\"column\" data-e-type=\"column\">\n\t\t\t<div class=\"elementor-widget-wrap elementor-element-populated\">\n\t\t\t\t\t\t<div class=\"elementor-element elementor-element-7f24aca elementor-align-center elementor-widget__width-initial elementor-widget elementor-widget-jet-lottie\" data-id=\"7f24aca\" data-element_type=\"widget\" data-e-type=\"widget\" data-widget_type=\"jet-lottie.default\">\n\t\t\t\t<div class=\"elementor-widget-container\">\n\t\t\t\t\t<div class=\"elementor-jet-lottie jet-elements\"><div class=\"jet-lottie\" data-settings=\"{&quot;path&quot;:&quot;https:\\\/\\\/brightinternationalinvestments.com\\\/wp-content\\\/uploads\\\/2022\\\/12\\\/Restricted-Content.json&quot;,&quot;renderer&quot;:&quot;svg&quot;,&quot;action_start&quot;:&quot;autoplay&quot;,&quot;delay&quot;:&quot;&quot;,&quot;on_hover_out&quot;:null,&quot;redirect_timeout&quot;:null,&quot;viewport&quot;:&quot;&quot;,&quot;loop&quot;:true,&quot;loop_times&quot;:&quot;&quot;,&quot;reversed&quot;:false,&quot;play_speed&quot;:1}\"><div class=\"jet-lottie__elem\"><\/div><\/div><\/div>\t\t\t\t<\/div>\n\t\t\t\t<\/div>\n\t\t\t\t<div class=\"elementor-element elementor-element-594d7db elementor-widget elementor-widget-heading\" data-id=\"594d7db\" data-element_type=\"widget\" data-e-type=\"widget\" data-widget_type=\"heading.default\">\n\t\t\t\t<div class=\"elementor-widget-container\">\n\t\t\t\t\t<h2 class=\"elementor-heading-title elementor-size-default\">Restricted Access<\/h2>\t\t\t\t<\/div>\n\t\t\t\t<\/div>\n\t\t\t\t<div class=\"elementor-element elementor-element-8fbda05 elementor-widget elementor-widget-heading\" data-id=\"8fbda05\" data-element_type=\"widget\" data-e-type=\"widget\" data-widget_type=\"heading.default\">\n\t\t\t\t<div class=\"elementor-widget-container\">\n\t\t\t\t\t<p class=\"elementor-heading-title elementor-size-default\">You are trying to access an exclusive area \/ archive for members only. <br> You need to purchase a membership to gain access. <\/p>\t\t\t\t<\/div>\n\t\t\t\t<\/div>\n\t\t\t\t<div class=\"elementor-element elementor-element-adc0641 elementor-align-center elementor-widget__width-auto elementor-widget elementor-widget-button\" data-id=\"adc0641\" data-element_type=\"widget\" data-e-type=\"widget\" data-widget_type=\"button.default\">\n\t\t\t\t<div class=\"elementor-widget-container\">\n\t\t\t\t\t\t\t\t\t<div class=\"elementor-button-wrapper\">\n\t\t\t\t\t<a class=\"elementor-button elementor-button-link elementor-size-sm\" href=\"\/membresias\/\">\n\t\t\t\t\t\t<span class=\"elementor-button-content-wrapper\">\n\t\t\t\t\t\t\t\t\t<span class=\"elementor-button-text\">Purchase Membership<\/span>\n\t\t\t\t\t<\/span>\n\t\t\t\t\t<\/a>\n\t\t\t\t<\/div>\n\t\t\t\t\t\t\t\t<\/div>\n\t\t\t\t<\/div>\n\t\t\t\t<div class=\"elementor-element elementor-element-7e4a4b3 elementor-align-center elementor-widget__width-auto elementor-widget elementor-widget-button\" data-id=\"7e4a4b3\" data-element_type=\"widget\" data-e-type=\"widget\" data-widget_type=\"button.default\">\n\t\t\t\t<div class=\"elementor-widget-container\">\n\t\t\t\t\t\t\t\t\t<div class=\"elementor-button-wrapper\">\n\t\t\t\t\t<a class=\"elementor-button elementor-button-link elementor-size-sm\" href=\"\/registrar\/\">\n\t\t\t\t\t\t<span class=\"elementor-button-content-wrapper\">\n\t\t\t\t\t\t<span class=\"elementor-button-icon\">\n\t\t\t\t<i aria-hidden=\"true\" class=\"fas fa-angle-double-right\"><\/i>\t\t\t<\/span>\n\t\t\t\t\t\t\t\t\t<span class=\"elementor-button-text\">View Membership Plans<\/span>\n\t\t\t\t\t<\/span>\n\t\t\t\t\t<\/a>\n\t\t\t\t<\/div>\n\t\t\t\t\t\t\t\t<\/div>\n\t\t\t\t<\/div>\n\t\t\t\t\t<\/div>\n\t\t<\/div>\n\t\t\t\t\t<\/div>\n\t\t<\/section>\n\t\t\t\t<\/div>","protected":false},"excerpt":{"rendered":"<p>Acceso Restringido Esta intentando acceder a una zona exclusiva \/ archivo solo para miembros. Necesita adquirir una membres\u00eda para acceder. Adquirir Membres\u00eda Ver Planes de Membres\u00edas<\/p>","protected":false},"author":3,"featured_media":0,"parent":0,"menu_order":13,"comment_status":"closed","ping_status":"closed","template":"","meta":{"footnotes":""},"class_list":["post-789","page","type-page","status-publish","hentry"],"_links":{"self":[{"href":"https:\/\/brightinternationalinvestments.com\/en\/wp-json\/wp\/v2\/pages\/789","targetHints":{"allow":["GET"]}}],"collection":[{"href":"https:\/\/brightinternationalinvestments.com\/en\/wp-json\/wp\/v2\/pages"}],"about":[{"href":"https:\/\/brightinternationalinvestments.com\/en\/wp-json\/wp\/v2\/types\/page"}],"author":[{"embeddable":true,"href":"https:\/\/brightinternationalinvestments.com\/en\/wp-json\/wp\/v2\/users\/3"}],"replies":[{"embeddable":true,"href":"https:\/\/brightinternationalinvestments.com\/en\/wp-json\/wp\/v2\/comments?post=789"}],"version-history":[{"count":0,"href":"https:\/\/brightinternationalinvestments.com\/en\/wp-json\/wp\/v2\/pages\/789\/revisions"}],"wp:attachment":[{"href":"https:\/\/brightinternationalinvestments.com\/en\/wp-json\/wp\/v2\/media?parent=789"}],"curies":[{"name":"wp","href":"https:\/\/api.w.org\/{rel}","templated":true}]}}